{"id":747,"date":"2025-12-29T13:59:05","date_gmt":"2025-12-29T11:59:05","guid":{"rendered":"http:\/\/www.car-beautybox-bike.at\/?page_id=747"},"modified":"2025-12-29T13:59:28","modified_gmt":"2025-12-29T11:59:28","slug":"datenschutzerklaerung","status":"publish","type":"page","link":"http:\/\/www.car-beautybox-bike.at\/?page_id=747","title":{"rendered":"Datenschutzerkl\u00e4rung"},"content":{"rendered":"<div id=\"bgLayers_comp-m12gw2fs\" class=\"MW5IWV\" data-hook=\"bgLayers\" data-motion-part=\"BG_LAYER comp-m12gw2fs\">\n<div id=\"bgMedia_comp-m12gw2fs\" class=\"VgO9Yg\" data-motion-part=\"BG_MEDIA comp-m12gw2fs\"><\/div>\n<\/div>\n<div class=\"\" data-mesh-id=\"comp-m12gw2fsinlineContent\" data-testid=\"inline-content\">\n<div data-mesh-id=\"comp-m12gw2fsinlineContent-gridContainer\" data-testid=\"mesh-container-content\">\n<div id=\"comp-m12h30og\" class=\"Z_l5lU ku3DBC zQ9jDz qvSjx3 Vq6kJx comp-m12h30og wixui-rich-text\" data-testid=\"richTextElement\">\n<p class=\"font_8 wixui-rich-text__text\"><span class=\"wixui-rich-text__text\">Datenschutzerkl\u00e4rung<\/span><\/p>\n<p class=\"font_8 wixui-rich-text__text\"><span class=\"wixui-rich-text__text\">\u200b<\/span><\/p>\n<p class=\"font_8 wixui-rich-text__text\">Wir freuen uns sehr \u00fcber dein Interesse an unserer Website. Der Schutz deiner pers\u00f6nlichen Daten hat f\u00fcr uns einen besonders hohen Stellenwert. Die Nutzung unserer Webseite ist grunds\u00e4tzlich ohne jede Angabe personenbezogener Daten m\u00f6glich. Sofern eine betroffene Person besondere Services \u00fcber unsere Internetseite in Anspruch nehmen m\u00f6chte, k\u00f6nnte jedoch eine Verarbeitung personenbezogener Daten erforderlich werden.<\/p>\n<p class=\"font_8 wixui-rich-text__text\">Diese Datenschutzerkl\u00e4rung kl\u00e4rt dich \u00fcber die Art, den Umfang und Zweck der Verarbeitung von personenbezogenen Daten (nachfolgend \u201eDaten\u201c) innerhalb unseres Onlineangebots und der mit ihm verbundenen Webseiten, Funktionen und Inhalte sowie externen Onlinepr\u00e4senzen, wie z. B. unseren Social-Media-Profilen, auf.<\/p>\n<p class=\"font_8 wixui-rich-text__text\">Verantwortlicher <strong>BEAUTYBOX<\/strong><br class=\"wixui-rich-text__text\" \/>Wehrgraben 6 \u00a0 A \u2013 4523 \u00a0Neuzeug<br class=\"wixui-rich-text__text\" \/>\u00a0<a href=\"mailto:Office@car-beautybox-bike.at\">Office@car-beautybox-bike.at<\/a><br class=\"wixui-rich-text__text\" \/>\u00a0+43 (0)676 47 53 565<\/p>\n<p class=\"font_8 wixui-rich-text__text\">1. Begriffsbestimmungen Diese Datenschutzerkl\u00e4rung beruht auf den Begrifflichkeiten, die durch den Europ\u00e4ischen Richtlinien- und Verordnungsgeber beim Erlass der Datenschutz-Grundverordnung (DSGVO) verwendet wurden.<\/p>\n<p class=\"font_8 wixui-rich-text__text\">2. Erhebung und Speicherung personenbezogener Daten sowie Art und Zweck der Verwendung<\/p>\n<p class=\"font_8 wixui-rich-text__text\">a) Beim Besuch der Website<br class=\"wixui-rich-text__text\" \/>Beim Aufrufen unserer Website [deine-website.de] werden durch den auf deinem Endger\u00e4t zum Einsatz kommenden Browser automatisch Informationen an den Server unserer Website gesendet. Diese Informationen werden tempor\u00e4r in einem sogenannten Logfile gespeichert. Folgende Informationen werden dabei ohne dein Zutun erfasst und bis zur automatisierten L\u00f6schung gespeichert:<\/p>\n<ul class=\"font_8 wixui-rich-text__text\">\n<li class=\"wixui-rich-text__text\">\n<p class=\"font_8 wixui-rich-text__text\">IP-Adresse des anfragenden Rechners,<\/p>\n<\/li>\n<li class=\"wixui-rich-text__text\">\n<p class=\"font_8 wixui-rich-text__text\">Datum und Uhrzeit des Zugriffs,<\/p>\n<\/li>\n<li class=\"wixui-rich-text__text\">\n<p class=\"font_8 wixui-rich-text__text\">Name und URL der abgerufenen Datei,<\/p>\n<\/li>\n<li class=\"wixui-rich-text__text\">\n<p class=\"font_8 wixui-rich-text__text\">Website, von der aus der Zugriff erfolgt (Referrer-URL),<\/p>\n<\/li>\n<li class=\"wixui-rich-text__text\">\n<p class=\"font_8 wixui-rich-text__text\">verwendeter Browser und ggf. das Betriebssystem deines Rechners sowie der Name deines Access-Providers.<\/p>\n<\/li>\n<\/ul>\n<p class=\"font_8 wixui-rich-text__text\">Die genannten Daten werden durch uns zu folgenden Zwecken verarbeitet:<\/p>\n<ul class=\"font_8 wixui-rich-text__text\">\n<li class=\"wixui-rich-text__text\">\n<p class=\"font_8 wixui-rich-text__text\">Gew\u00e4hrleistung eines reibungslosen Verbindungsaufbaus der Website,<\/p>\n<\/li>\n<li class=\"wixui-rich-text__text\">\n<p class=\"font_8 wixui-rich-text__text\">Gew\u00e4hrleistung einer komfortablen Nutzung unserer Website,<\/p>\n<\/li>\n<li class=\"wixui-rich-text__text\">\n<p class=\"font_8 wixui-rich-text__text\">Auswertung der Systemsicherheit und -stabilit\u00e4t sowie<\/p>\n<\/li>\n<li class=\"wixui-rich-text__text\">\n<p class=\"font_8 wixui-rich-text__text\">zu weiteren administrativen Zwecken.<\/p>\n<\/li>\n<\/ul>\n<p class=\"font_8 wixui-rich-text__text\">Die Rechtsgrundlage f\u00fcr die Datenverarbeitung ist Art. 6 Abs. 1 S. 1 lit. f DSGVO. Unser berechtigtes Interesse folgt aus den oben aufgelisteten Zwecken zur Datenerhebung.<\/p>\n<p class=\"font_8 wixui-rich-text__text\">b) Bei der Nutzung unseres Kontaktformulars<br class=\"wixui-rich-text__text\" \/>Bei Fragen jeglicher Art bieten wir dir die M\u00f6glichkeit, mit uns \u00fcber ein auf der Website bereitgestelltes Formular Kontakt aufzunehmen. Dabei ist die Angabe einer g\u00fcltigen E-Mail-Adresse erforderlich, damit wir wissen, von wem die Anfrage stammt und um diese beantworten zu k\u00f6nnen. Weitere Angaben k\u00f6nnen freiwillig get\u00e4tigt werden.<\/p>\n<p class=\"font_8 wixui-rich-text__text\">Die Datenverarbeitung zum Zwecke der Kontaktaufnahme mit uns erfolgt nach Art. 6 Abs. 1 S. 1 lit. a DSGVO auf Grundlage deiner freiwillig erteilten Einwilligung.<\/p>\n<p class=\"font_8 wixui-rich-text__text\">3. Weitergabe von Daten<br class=\"wixui-rich-text__text\" \/>Eine \u00dcbermittlung deiner pers\u00f6nlichen Daten an Dritte zu anderen als den im Folgenden aufgef\u00fchrten Zwecken findet nicht statt. Wir geben deine pers\u00f6nlichen Daten nur an Dritte weiter, wenn:<\/p>\n<ul class=\"font_8 wixui-rich-text__text\">\n<li class=\"wixui-rich-text__text\">\n<p class=\"font_8 wixui-rich-text__text\">du nach Art. 6 Abs. 1 S. 1 lit. a DSGVO deine ausdr\u00fcckliche Einwilligung dazu erteilt hast,<\/p>\n<\/li>\n<li class=\"wixui-rich-text__text\">\n<p class=\"font_8 wixui-rich-text__text\">die Weitergabe nach Art. 6 Abs. 1 S. 1 lit. f DSGVO zur Geltendmachung, Aus\u00fcbung oder Verteidigung von Rechtsanspr\u00fcchen erforderlich ist und kein Grund zur Annahme besteht, dass du ein \u00fcberwiegendes schutzw\u00fcrdiges Interesse an der Nichtweitergabe deiner Daten hast,<\/p>\n<\/li>\n<li class=\"wixui-rich-text__text\">\n<p class=\"font_8 wixui-rich-text__text\">f\u00fcr den Fall, dass f\u00fcr die Weitergabe nach Art. 6 Abs. 1 S. 1 lit. c DSGVO eine gesetzliche Verpflichtung besteht, sowie<\/p>\n<\/li>\n<li class=\"wixui-rich-text__text\">\n<p class=\"font_8 wixui-rich-text__text\">dies gesetzlich zul\u00e4ssig und nach Art. 6 Abs. 1 S. 1 lit. b DSGVO f\u00fcr die Abwicklung von Vertragsverh\u00e4ltnissen mit dir erforderlich ist.<\/p>\n<\/li>\n<\/ul>\n<p class=\"font_8 wixui-rich-text__text\">4. Cookies<br class=\"wixui-rich-text__text\" \/>Unsere Website verwendet Cookies. Cookies sind kleine Dateien, die auf deinem Endger\u00e4t gespeichert werden und die bestimmte Informationen \u00fcber dich enthalten. Diese Informationen dienen dazu, die Nutzung unseres Angebots zu verbessern und benutzerfreundlicher zu gestalten. Du kannst der Verwendung von Cookies widersprechen oder diese deaktivieren, indem du entsprechende Einstellungen in deinem Browser vornimmst.<\/p>\n<p class=\"font_8 wixui-rich-text__text\">5. Betroffenenrechte<br class=\"wixui-rich-text__text\" \/>Du hast das Recht:<\/p>\n<ul class=\"font_8 wixui-rich-text__text\">\n<li class=\"wixui-rich-text__text\">\n<p class=\"font_8 wixui-rich-text__text\">gem\u00e4\u00df Art. 15 DSGVO Auskunft \u00fcber deine von uns verarbeiteten personenbezogenen Daten zu verlangen,<\/p>\n<\/li>\n<li class=\"wixui-rich-text__text\">\n<p class=\"font_8 wixui-rich-text__text\">gem\u00e4\u00df Art. 16 DSGVO unverz\u00fcglich die Berichtigung unrichtiger oder Vervollst\u00e4ndigung deiner bei uns gespeicherten personenbezogenen Daten zu verlangen,<\/p>\n<\/li>\n<li class=\"wixui-rich-text__text\">\n<p class=\"font_8 wixui-rich-text__text\">gem\u00e4\u00df Art. 17 DSGVO die L\u00f6schung deiner bei uns gespeicherten personenbezogenen Daten zu verlangen,<\/p>\n<\/li>\n<li class=\"wixui-rich-text__text\">\n<p class=\"font_8 wixui-rich-text__text\">gem\u00e4\u00df Art. 18 DSGVO die Einschr\u00e4nkung der Verarbeitung deiner personenbezogenen Daten zu verlangen,<\/p>\n<\/li>\n<li class=\"wixui-rich-text__text\">\n<p class=\"font_8 wixui-rich-text__text\">gem\u00e4\u00df Art. 20 DSGVO deine personenbezogenen Daten, die du uns bereitgestellt hast, in einem strukturierten, g\u00e4ngigen und maschinenlesbaren Format zu erhalten oder die \u00dcbermittlung an einen anderen Verantwortlichen zu verlangen,<\/p>\n<\/li>\n<li class=\"wixui-rich-text__text\">\n<p class=\"font_8 wixui-rich-text__text\">gem\u00e4\u00df Art. 7 Abs. 3 DSGVO deine einmal erteilte Einwilligung jederzeit uns gegen\u00fcber zu widerrufen,<\/p>\n<\/li>\n<li class=\"wixui-rich-text__text\">\n<p class=\"font_8 wixui-rich-text__text\">gem\u00e4\u00df Art. 77 DSGVO sich bei einer Aufsichtsbeh\u00f6rde zu beschweren.<\/p>\n<\/li>\n<\/ul>\n<p class=\"font_8 wixui-rich-text__text\">6. Widerspruchsrecht<br class=\"wixui-rich-text__text\" \/>Sofern deine personenbezogenen Daten auf Grundlage von berechtigten Interessen gem\u00e4\u00df Art. 6 Abs. 1 S. 1 lit. f DSGVO verarbeitet werden, hast du das Recht, gem\u00e4\u00df Art. 21 DSGVO Widerspruch gegen die Verarbeitung deiner personenbezogenen Daten einzulegen, soweit daf\u00fcr Gr\u00fcnde vorliegen, die sich aus deiner besonderen Situation ergeben.<\/p>\n<p class=\"font_8 wixui-rich-text__text\">7. Datensicherheit<br class=\"wixui-rich-text__text\" \/>Wir verwenden innerhalb des Website-Besuchs das verbreitete SSL-Verfahren (Secure Socket Layer) in Verbindung mit der jeweils h\u00f6chsten Verschl\u00fcsselungsstufe, die von deinem Browser unterst\u00fctzt wird.<\/p>\n<p class=\"font_8 wixui-rich-text__text\">8. Aktualit\u00e4t und \u00c4nderung dieser Datenschutzerkl\u00e4rung<br class=\"wixui-rich-text__text\" \/>Diese Datenschutzerkl\u00e4rung ist aktuell g\u00fcltig und hat den Stand 14.09.2024. Durch die Weiterentwicklung unserer Website und Angebote dar\u00fcber oder aufgrund ge\u00e4nderter gesetzlicher Vorgaben kann es notwendig werden, diese Datenschutzerkl\u00e4rung zu \u00e4ndern.<\/p>\n<\/div>\n<\/div>\n<\/div>","protected":false},"excerpt":{"rendered":"<p>Datenschutzerkl\u00e4rung \u200b Wir freuen uns sehr \u00fcber dein Interesse an unserer Website. Der Schutz deiner pers\u00f6nlichen Daten hat f\u00fcr uns einen besonders hohen Stellenwert. Die Nutzung unserer Webseite ist grunds\u00e4tzlich ohne jede Angabe personenbezogener Daten m\u00f6glich. Sofern eine betroffene Person besondere Services \u00fcber unsere Internetseite in Anspruch nehmen m\u00f6chte, k\u00f6nnte jedoch eine Verarbeitung personenbezogener Daten [&hellip;]<\/p>\n","protected":false},"author":1,"featured_media":0,"parent":0,"menu_order":0,"comment_status":"closed","ping_status":"closed","template":"","meta":{"footnotes":""},"class_list":["post-747","page","type-page","status-publish","hentry","post"],"_links":{"self":[{"href":"http:\/\/www.car-beautybox-bike.at\/index.php?rest_route=\/wp\/v2\/pages\/747","targetHints":{"allow":["GET"]}}],"collection":[{"href":"http:\/\/www.car-beautybox-bike.at\/index.php?rest_route=\/wp\/v2\/pages"}],"about":[{"href":"http:\/\/www.car-beautybox-bike.at\/index.php?rest_route=\/wp\/v2\/types\/page"}],"author":[{"embeddable":true,"href":"http:\/\/www.car-beautybox-bike.at\/index.php?rest_route=\/wp\/v2\/users\/1"}],"replies":[{"embeddable":true,"href":"http:\/\/www.car-beautybox-bike.at\/index.php?rest_route=%2Fwp%2Fv2%2Fcomments&post=747"}],"version-history":[{"count":1,"href":"http:\/\/www.car-beautybox-bike.at\/index.php?rest_route=\/wp\/v2\/pages\/747\/revisions"}],"predecessor-version":[{"id":748,"href":"http:\/\/www.car-beautybox-bike.at\/index.php?rest_route=\/wp\/v2\/pages\/747\/revisions\/748"}],"wp:attachment":[{"href":"http:\/\/www.car-beautybox-bike.at\/index.php?rest_route=%2Fwp%2Fv2%2Fmedia&parent=747"}],"curies":[{"name":"wp","href":"https:\/\/api.w.org\/{rel}","templated":true}]}}