{"id":63,"date":"2014-03-25T13:43:15","date_gmt":"2014-03-25T11:43:15","guid":{"rendered":"http:\/\/www.car-beautybox-bike.at\/?page_id=63"},"modified":"2015-10-23T16:01:09","modified_gmt":"2015-10-23T14:01:09","slug":"ueber-uns","status":"publish","type":"page","link":"http:\/\/www.car-beautybox-bike.at\/?page_id=63","title":{"rendered":"\u00dcber mich"},"content":{"rendered":"<h2 style=\"text-align: center;\">\u00a0Beautybox Steyr &#8211; Neuzeug<\/h2>\n<div id=\"attachment_99\" style=\"width: 730px\" class=\"wp-caption aligncenter\"><img loading=\"lazy\" decoding=\"async\" aria-describedby=\"caption-attachment-99\" class=\"size-large wp-image-99\" alt=\"BESUCHEN SIE MICH IN MEINER WERKSTATT \" src=\"http:\/\/www.car-beautybox-bike.at\/wp-content\/uploads\/2014\/04\/michael-1024x474.jpg\" width=\"720\" height=\"333\" srcset=\"http:\/\/www.car-beautybox-bike.at\/wp-content\/uploads\/2014\/04\/michael-1024x474.jpg 1024w, http:\/\/www.car-beautybox-bike.at\/wp-content\/uploads\/2014\/04\/michael-300x138.jpg 300w, http:\/\/www.car-beautybox-bike.at\/wp-content\/uploads\/2014\/04\/michael.jpg 1766w\" sizes=\"auto, (max-width: 720px) 100vw, 720px\" \/><p id=\"caption-attachment-99\" class=\"wp-caption-text\">BESUCHEN SIE MICH IN MEINER WERKSTATT<\/p><\/div>\n<p>&nbsp;<\/p>\n<p style=\"text-align: center;\"><b>Die Erfahrung, die ich durch meine Leidenschaft f\u00fcr Oldtimer und \u00a0Youngtimer gesammelt habe, setzt \u00a0ich bei Ihren Fahrzeug um.<\/b><\/p>\n<p style=\"text-align: center;\"><b>Somit bekommt auch Ihr geliebtes Fahrzeug die perfekte Anti\u2013Aging Pflege.<\/b><\/p>\n<p style=\"text-align: center;\"><b>Ob Leasingr\u00fcckl\u00e4ufe, Fahrzeugverkauf, Firmenfuhrpark, Autohaus, Gebrauchtwagenh\u00e4ndler oder\u00a0einfach\u00a0um sich selbst daran zu erfreuen.<\/b><\/p>\n<p style=\"text-align: center;\"><b>Ich lege besonders Wert auf ihre Bed\u00fcrfnisse und richte mich daher immer nach Ihren W\u00fcnschen\u00a0und Anforderungen, daher biete ich individuelle Einzelleistungen oder\u00a0aber auch meine Reinigungs- und Pflegepakete an!<\/b><\/p>\n<h2 style=\"text-align: center;\"><b>Ausbildung<\/b><\/h2>\n<p><img loading=\"lazy\" decoding=\"async\" class=\"alignnone size-thumbnail wp-image-367 aligncenter\" alt=\"Meisterg\u00fctesiegel dpi-Datei\" src=\"http:\/\/www.car-beautybox-bike.at\/wp-content\/uploads\/2015\/10\/Meisterg\u00fctesiegel-dpi-Datei-150x150.jpg\" width=\"150\" height=\"150\" srcset=\"http:\/\/www.car-beautybox-bike.at\/wp-content\/uploads\/2015\/10\/Meisterg\u00fctesiegel-dpi-Datei-150x150.jpg 150w, http:\/\/www.car-beautybox-bike.at\/wp-content\/uploads\/2015\/10\/Meisterg\u00fctesiegel-dpi-Datei-300x300.jpg 300w, http:\/\/www.car-beautybox-bike.at\/wp-content\/uploads\/2015\/10\/Meisterg\u00fctesiegel-dpi-Datei-280x280.jpg 280w, http:\/\/www.car-beautybox-bike.at\/wp-content\/uploads\/2015\/10\/Meisterg\u00fctesiegel-dpi-Datei-560x560.jpg 560w, http:\/\/www.car-beautybox-bike.at\/wp-content\/uploads\/2015\/10\/Meisterg\u00fctesiegel-dpi-Datei.jpg 862w\" sizes=\"auto, (max-width: 150px) 100vw, 150px\" \/><\/p>\n<p style=\"text-align: center;\"><b>Lehre als Karosseur mit Ausgezeichnetem Erfolg<\/b><\/p>\n<p style=\"text-align: center;\"><b>Karosseriebauer &#8211; Meister\u00a0<\/b><\/p>\n<p style=\"text-align: center;\"><b>Und vieles mehr ! ( denn man lernt nie aus )<\/b><\/p>","protected":false},"excerpt":{"rendered":"<p>\u00a0Beautybox Steyr &#8211; Neuzeug &nbsp; Die Erfahrung, die ich durch meine Leidenschaft f\u00fcr Oldtimer und \u00a0Youngtimer gesammelt habe, setzt \u00a0ich bei Ihren Fahrzeug um. Somit bekommt auch Ihr geliebtes Fahrzeug die perfekte Anti\u2013Aging Pflege. Ob Leasingr\u00fcckl\u00e4ufe, Fahrzeugverkauf, Firmenfuhrpark, Autohaus, Gebrauchtwagenh\u00e4ndler oder\u00a0einfach\u00a0um sich selbst daran zu erfreuen. Ich lege besonders Wert auf ihre Bed\u00fcrfnisse und richte [&hellip;]<\/p>\n","protected":false},"author":1,"featured_media":99,"parent":0,"menu_order":0,"comment_status":"closed","ping_status":"closed","template":"templates\/template-full.php","meta":{"footnotes":""},"class_list":["post-63","page","type-page","status-publish","has-post-thumbnail","hentry","post","post-with-thumbnail","post-with-thumbnail-large"],"_links":{"self":[{"href":"http:\/\/www.car-beautybox-bike.at\/index.php?rest_route=\/wp\/v2\/pages\/63","targetHints":{"allow":["GET"]}}],"collection":[{"href":"http:\/\/www.car-beautybox-bike.at\/index.php?rest_route=\/wp\/v2\/pages"}],"about":[{"href":"http:\/\/www.car-beautybox-bike.at\/index.php?rest_route=\/wp\/v2\/types\/page"}],"author":[{"embeddable":true,"href":"http:\/\/www.car-beautybox-bike.at\/index.php?rest_route=\/wp\/v2\/users\/1"}],"replies":[{"embeddable":true,"href":"http:\/\/www.car-beautybox-bike.at\/index.php?rest_route=%2Fwp%2Fv2%2Fcomments&post=63"}],"version-history":[{"count":30,"href":"http:\/\/www.car-beautybox-bike.at\/index.php?rest_route=\/wp\/v2\/pages\/63\/revisions"}],"predecessor-version":[{"id":401,"href":"http:\/\/www.car-beautybox-bike.at\/index.php?rest_route=\/wp\/v2\/pages\/63\/revisions\/401"}],"wp:featuredmedia":[{"embeddable":true,"href":"http:\/\/www.car-beautybox-bike.at\/index.php?rest_route=\/wp\/v2\/media\/99"}],"wp:attachment":[{"href":"http:\/\/www.car-beautybox-bike.at\/index.php?rest_route=%2Fwp%2Fv2%2Fmedia&parent=63"}],"curies":[{"name":"wp","href":"https:\/\/api.w.org\/{rel}","templated":true}]}}