{"id":203,"date":"2014-10-27T14:39:42","date_gmt":"2014-10-27T12:39:42","guid":{"rendered":"http:\/\/www.car-beautybox-bike.at\/?page_id=203"},"modified":"2026-03-30T20:07:16","modified_gmt":"2026-03-30T18:07:16","slug":"p","status":"publish","type":"page","link":"http:\/\/www.car-beautybox-bike.at\/?page_id=203","title":{"rendered":"Unsere Leistungen"},"content":{"rendered":"<div class=\"symple-accordion \">\n<h3 class=\"symple-accordion-trigger \"><a href=\"#\">zur\u00fcck<\/a><\/h3><div>\n<\/div>\n<h3 class=\"symple-accordion-trigger \"><a href=\"#\">Das Au\u00dfenprogramm f\u00fcr Ihr Fahrzeug<\/a><\/h3><div>\n<p><strong>Lackreinigung<\/strong>: Entfernung von Flugrost, Insektenreste, Teer u.v.m.<\/p>\n<p><strong>Lackpolitur Extrem\/grob\/fein:\u00a0<\/strong><\/p>\n<p>Maschinelles Bearbeiten der Lackoberfl\u00e4che um kleinere Lacksch\u00e4den wie z.B. von der Waschstra\u00dfe verursachte Kratzer zu entfernen. Mit der richtigen Lackpolitur erreichen ich eine sch\u00f6ne, glatte Oberfl\u00e4che und\u00a0 wunderbaren Tiefenglanz.<\/p>\n<p><strong>Lackversiegelung\u00a0&amp; Scheibenversiegelung<\/strong><\/p>\n<p>Ich biete verschiedene\u00a0<strong>Versiegelungen<\/strong>\u00a0an, die ich nach l\u00e4ngeren Tests in mein Programm aufgenommen habe.<\/p>\n<p><em>&#8211;<strong>Hi-End Titan-Silizium Langzeit Versiegelung<\/strong><\/em><strong>:<\/strong>\u00a0f\u00fcr ca. ein Jahr und\u00a0l\u00e4nger.<\/p>\n<p><em>&#8211;<strong>Teflon-Versiegelung<\/strong>:<\/em>\u00a0f\u00fcr ca. 6 Monate<\/p>\n<p><strong>Beauty Box bringt die Farbe Ihres Autos wieder zum Leuchten!<\/strong><\/p>\n<p><strong>Wir k\u00f6nnen nur empfehlen, aber Sie entscheiden welche Versiegelung wir f\u00fcr Sie an Ihrem Fahrzeug verwenden sollen!<\/strong><\/p>\n<p><strong>\u00a0<\/strong><\/p>\n<\/div>\n<h3 class=\"symple-accordion-trigger \"><a href=\"#\">Innenpflege<\/a><\/h3><div>\n<h3 style=\"text-align: center;\"><span style=\"color: #333399;\">Die Pflege der Innenausstattung Ihres Automobils hat bei mir einen besonderen Stellenwert.<\/span><\/h3>\n<h3 style=\"text-align: center;\"><span style=\"color: #333399;\">Schlie\u00dflich verbringen Sie viel Zeit im Auto.<\/span><\/h3>\n<h3 style=\"text-align: center;\"><span style=\"color: #333399;\">Der angenehme Duft\u00a0 einer Nassreinigung wird Sie begeistern!<\/span><\/h3>\n<div class=\"symple-pricing-table \">\n<div class=\"symple-pricing symple-one-half  symple-column- \"><div class=\"symple-pricing-header\"><h5>Basic<\/h5><div class=\"symple-pricing-cost\">ab \u20ac 120,00*<\/div><div class=\"symple-pricing-per\"><\/div><\/div><div class=\"symple-pricing-content\">\n<ul>\n<li>Textilbehandlung\u00a0( Sitze shampoonieren \/ od. Lederpflege )<\/li>\n<li><span style=\"color: #ff0000;\">Grobschmutz saugen: Fu\u00dfraum &amp; Sitze \u221a<\/span><\/li>\n<li><span style=\"color: #ff0000;\">B\u00fcrsten &amp; Saugen: Innen- &amp; Kofferraum \u221a<\/span><\/li>\n<li>Kunststoffbehandlung<\/li>\n<li><span style=\"color: #ff0000;\">Aschenbecher und F\u00e4cher \u2013 Reinigen \u221a<\/span><\/li>\n<li>Entstauben:\u00a0Armaturenbrett, Schaltkulisse Lenkrad, Waschen:Gummimatten<\/li>\n<li><span style=\"color: #ff0000;\">Wischen:\u00a0Armaturenbrett, Schaltkulisse Lenkrad, Waschen:Gummimatten \u221a<\/span><\/li>\n<li><span style=\"color: #ff0000;\">Reinigen &amp; Pflegen aller Kunststoffteile \u221a<\/span><\/li>\n<li><span style=\"color: #ff0000;\">Sonstiges:\u00a0alle Scheiben Reinigen \u221a<\/span><\/li>\n<li><span style=\"color: #ff0000;\">T\u00fcreinstieg Wischen \u221a<\/span><\/li>\n<li>T\u00fcr- &amp; Kofferdeckelfalze Reinigen<\/li>\n<\/ul>\n<\/div><\/div><div class=\"symple-pricing symple-one-half  symple-column- \"><div class=\"symple-pricing-header\"><h5>Premiumpflege<\/h5><div class=\"symple-pricing-cost\">ab \u20ac 180,00*<\/div><div class=\"symple-pricing-per\"><\/div><\/div><div class=\"symple-pricing-content\">\n<ul>\n<li><span style=\"color: #ff0000;\">Textilbehandlung \u221a\u00a0<span style=\"color: #000000;\">( Sitze shampoonieren \/ od. Lederpflege )<\/span><\/span><\/li>\n<li><span style=\"color: #ff0000;\">Grobschmutz saugen: Fu\u00dfraum &amp; Sitze \u221a<\/span><\/li>\n<li><span style=\"color: #ff0000;\">B\u00fcrsten &amp; Saugen: Innen- &amp; Kofferraum \u221a<\/span><\/li>\n<li><span style=\"color: #ff0000;\">Kunststoffbehandlung \u221a<\/span><\/li>\n<li><span style=\"color: #ff0000;\">Aschenbechern und F\u00e4cher\u00a0&#8211; Reinigen \u221a<\/span><\/li>\n<li><span style=\"color: #000000;\">Entstauben: Armaturenbrett, Schaltkulisse Lenkrad, Waschen:Gummimatten<\/span><\/li>\n<li><span style=\"color: #ff0000;\">Wischen:\u00a0Armaturenbrett, Schaltkulisse Lenkrad, Waschen:Gummimatten \u221a<\/span><\/li>\n<li><span style=\"color: #ff0000;\">Reinigen &amp; Pflegen aller Kunststoffteile \u221a<\/span><\/li>\n<li><span style=\"color: #ff0000;\">Sonstiges:\u00a0alle Scheiben Reinigen \u221a<\/span><\/li>\n<li><span style=\"color: #ff0000;\">T\u00fcreinstieg Wischen \u221a<\/span><\/li>\n<li><span style=\"color: #ff0000;\">T\u00fcr- &amp; Kofferdeckelfalze Reinigen \u221a<\/span><\/li>\n<\/ul>\n<\/div><\/div>\n<\/div><div class=\"symple-clear-floats\"><\/div>\n<p style=\"text-align: center;\">*Der Fahrzeughimmel wird auf Wunsch gereinigt und extra verrechnet !<\/p>\n<\/div>\n<h3 class=\"symple-accordion-trigger \"><a href=\"#\">Ozonierung und Geruchsbehandlung<\/a><\/h3><div>\n<p><b>Autos, die nach Zigaretten oder Hund riechen, m\u00fcssen nicht sein. Ozon ist die saubere und einfache L\u00f6sung, wenn Ihr Fahrzeug eine intensive Frischekur n\u00f6tig hat. Ich bietet jetzt in der Beautybox\u00a0 eine professionelle Ozonierung und Geruchsbehandlung an. Nach der Ozon-Behandlung riecht ihr Wagen neutral und ist desinfiert.<\/b><\/p>\n<p><b>Unangenehme Ger\u00fcche werden durch das Ozon oxidiert und in geruchsneutrale Stoffe umgewandelt. An sonst schwer zug\u00e4nglichen Stellen werden sogar Keime und geruchverursachende Bakterien restlos abget\u00f6tet. Selbst Erbrochenes oder andere extreme \u00dcbelger\u00fcche verschwinden wie von Zauberhand. Die Klima- und Bel\u00fcftungsanlage wird durch Einschalten w\u00e4hrend der Ozonierung ebenso von Bakterien, Keimen oder Schimmelsporen befreit.\u00a0<\/b><\/p>\n<p><b>Machen Sie Ihren Termin jetzt telefonisch aus!<\/b><\/p>\n<p><b><span style=\"color: #ff6600;\">Ab 69 \u20ac ! \u00a0 In Verbindung mit einer Nass Innenreinigung 49 \u20ac ! <\/span>\u00a0<\/b><\/p>\n<p><span style=\"color: #000080;\"><b>Wichtig! Der Innenraumfilter soll nat\u00fcrlich gewechselt werden . \u00a0<\/b><\/span><\/p>\n<p>Der \u201eaktive Sauerstoff\u201c schl\u00e4gt dabei alle anderen Methoden zur <b>Geruchsbeseitigung<\/b>. Duftb\u00e4ume, Autodeos, chemische Reiniger oder Hausrezepte wie Apfelessig oder Kaffeepulver \u00fcberdecken h\u00f6chstens den unangenehmen Geruch. Ozon zerst\u00f6rt die Ursache des Gestanks nachhaltig. Dabei ist die Ozonierung auch noch r\u00fcckstandslos \u2013 das Ozon zerf\u00e4llt zu Sauerstoff und nach einer abschlie\u00dfenden L\u00fcftung des Autos bleibt nur frische Luft \u00fcbrig.<\/p>\n<p>Selbstverst\u00e4ndlich sind auch andere Anwendungsgebiete f\u00fcr die <b>Geruchsvernichtung <\/b>m\u00f6glich, ich k\u00fcmmern gerne auch um muffige Boote. Die <b>Geruchsneutralisierung<\/b> funktioniert genauso optimal bei Schimmelbefall in Wohnung, Keller, B\u00fcro oder Garage. Ich freue mich\u00a0 auf Ihre olfaktorische Herausforderung!.<\/p>\n<p><strong>\u00a0<\/strong><\/p>\n<\/div>\n<h3 class=\"symple-accordion-trigger \"><a href=\"#\">EXTRA Leistungen<\/a><\/h3><div>\n<h5 style=\"text-align: left;\"><strong><span style=\"color: #000000;\">\u2022 Unterbodenw\u00e4sche \/<\/span><\/strong><\/h5>\n<h5 style=\"text-align: left;\"><span style=\"color: #000000;\">\u2022 Unterbodenversiegelung<\/span><\/h5>\n<h5 style=\"text-align: left;\"><span style=\"color: #000000;\">\u2022 Hundehaar entfernung<\/span><\/h5>\n<h5 style=\"text-align: left;\"><span style=\"color: #000000;\">\u2022 Innenraumfilterwechsel<\/span><\/h5>\n<h5>\u2022 Geruchsbeseitigung im Innenraum<\/h5>\n<h5>\u2022 Aufkleber entfernen<\/h5>\n<h5><span style=\"color: #000000;\">\u2022 Reinigung vor Ort ( LKW \/ Baumaschinen \/ Flugzeuge \/ Boot \/usw. )<\/span><\/h5>\n<p style=\"text-align: center;\"><em>Unser Motto : Nichts ist uns zu klein und fast nichts zu gro\u00df !<\/em><\/p>\n<p style=\"text-align: center;\"><\/div><\/div>","protected":false},"excerpt":{"rendered":"","protected":false},"author":1,"featured_media":113,"parent":0,"menu_order":0,"comment_status":"closed","ping_status":"closed","template":"templates\/template-full.php","meta":{"footnotes":""},"class_list":["post-203","page","type-page","status-publish","has-post-thumbnail","hentry","post","post-with-thumbnail","post-with-thumbnail-large"],"_links":{"self":[{"href":"http:\/\/www.car-beautybox-bike.at\/index.php?rest_route=\/wp\/v2\/pages\/203","targetHints":{"allow":["GET"]}}],"collection":[{"href":"http:\/\/www.car-beautybox-bike.at\/index.php?rest_route=\/wp\/v2\/pages"}],"about":[{"href":"http:\/\/www.car-beautybox-bike.at\/index.php?rest_route=\/wp\/v2\/types\/page"}],"author":[{"embeddable":true,"href":"http:\/\/www.car-beautybox-bike.at\/index.php?rest_route=\/wp\/v2\/users\/1"}],"replies":[{"embeddable":true,"href":"http:\/\/www.car-beautybox-bike.at\/index.php?rest_route=%2Fwp%2Fv2%2Fcomments&post=203"}],"version-history":[{"count":76,"href":"http:\/\/www.car-beautybox-bike.at\/index.php?rest_route=\/wp\/v2\/pages\/203\/revisions"}],"predecessor-version":[{"id":751,"href":"http:\/\/www.car-beautybox-bike.at\/index.php?rest_route=\/wp\/v2\/pages\/203\/revisions\/751"}],"wp:featuredmedia":[{"embeddable":true,"href":"http:\/\/www.car-beautybox-bike.at\/index.php?rest_route=\/wp\/v2\/media\/113"}],"wp:attachment":[{"href":"http:\/\/www.car-beautybox-bike.at\/index.php?rest_route=%2Fwp%2Fv2%2Fmedia&parent=203"}],"curies":[{"name":"wp","href":"https:\/\/api.w.org\/{rel}","templated":true}]}}